{"id":2,"date":"2019-02-12T14:34:20","date_gmt":"2019-02-12T13:34:20","guid":{"rendered":"https:\/\/localhost\/?page_id=2"},"modified":"2023-10-19T14:54:45","modified_gmt":"2023-10-19T12:54:45","slug":"startseite","status":"publish","type":"page","link":"https:\/\/www.rotterundrotter.at\/","title":{"rendered":"Wie ich Ihnen helfen kann &#8230;"},"content":{"rendered":"\n<p>Mein Name ist Wolfgang Rotter und ich kann auf mehrere Jahrzehnte Erfahrung im Handel zur\u00fcckblicken. Dabei habe ich verschiedene Branchen aus unterschiedlichen Blickwinkeln gesehen. Verschiedene Stufen im Vertrieb | vom Gro\u00df-, Retail und Online-Handel | erm\u00f6glichen mir zudem eine ganzheitliche Betrachtung. In meiner aktuellen T\u00e4tigkeit im Sanit\u00e4rbereich hat sich gezeigt, dass sich eine internationale Vernetzung essentiell auf die zuk\u00fcnftige Ausrichtung auswirken wird!<\/p>\n\n\n\n<blockquote class=\"wp-block-quote is-layout-flow wp-block-quote-is-layout-flow\">\n<p><strong>Die Margen bestimmen mittelfristig bereits die Existenz alteingesessener Firmen und auch im kleinen Kreis wird es unabdingbar, den Einkauf nach Fernost auszurichten<\/strong>.<\/p>\n<\/blockquote>\n\n\n\n<p><em>Viele Firmenchefs kennen diesen Umstand bereits seit l\u00e4ngerem, haben aber aus verschiedenen Gr\u00fcnden bisher nicht reagieren k\u00f6nnen. Sei es, dass die Mitarbeiter im eigenen Unternehmen nicht freigespielt werden k\u00f6nnen bzw. nicht willens genug sind neue Themenbereiche zu recherchieren.<\/em>  <\/p>\n\n\n\n<blockquote class=\"wp-block-quote is-layout-flow wp-block-quote-is-layout-flow\">\n<p><strong>Hier kann ich Ihnen helfen die fehlenden Ressourcen und das n\u00f6tige Knowhow kosteng\u00fcnstig zu erg\u00e4nzen. Ich \u00fcbernehme f\u00fcr Sie die komplette Abwicklung des Imports aus China. <\/strong><\/p>\n<\/blockquote>\n\n\n\n<p>Sie m\u00f6chten mehr wissen?<\/p>\n\n\n\n<p class=\"has-very-light-gray-color has-very-dark-gray-background-color has-text-color has-background\">Ich komme sehr gerne bei Ihnen vorbei um, in einem pers\u00f6nlichen Gespr\u00e4ch, einen besseren \u00dcberblick zu vermitteln. Meine <a href=\"#colophon\">Kontaktdaten<\/a> finden Sie am Ende der Seite &#8230;<\/p>\n\n\n\n<figure class=\"wp-block-image alignleft is-resized\"><img loading=\"lazy\" decoding=\"async\" width=\"720\" height=\"405\" src=\"https:\/\/www.rotterundrotter.at\/wp-content\/uploads\/2019\/02\/web_WReu.jpg\" alt=\"Wolfgang Rotter e.U. Logo\" class=\"wp-image-84\" style=\"width:300px\" srcset=\"https:\/\/www.rotterundrotter.at\/wp-content\/uploads\/2019\/02\/web_WReu.jpg 720w, https:\/\/www.rotterundrotter.at\/wp-content\/uploads\/2019\/02\/web_WReu-300x169.jpg 300w\" sizes=\"auto, (max-width: 720px) 100vw, 720px\" \/><\/figure>\n\n\n\n<figure class=\"wp-block-image alignleft is-resized\"><a href=\"https:\/\/www.rosto.at\"><img loading=\"lazy\" decoding=\"async\" width=\"720\" height=\"405\" src=\"https:\/\/www.rotterundrotter.at\/wp-content\/uploads\/2019\/02\/web_RoSto.jpg\" alt=\"ROSTO Logo\" class=\"wp-image-82\" style=\"width:300px\" srcset=\"https:\/\/www.rotterundrotter.at\/wp-content\/uploads\/2019\/02\/web_RoSto.jpg 720w, https:\/\/www.rotterundrotter.at\/wp-content\/uploads\/2019\/02\/web_RoSto-300x169.jpg 300w\" sizes=\"auto, (max-width: 720px) 100vw, 720px\" \/><\/a><\/figure>\n","protected":false},"excerpt":{"rendered":"<p>Mein Name ist Wolfgang Rotter und ich kann auf mehrere Jahrzehnte Erfahrung im Handel zur\u00fcckblicken. Dabei habe ich verschiedene Branchen aus unterschiedlichen Blickwinkeln gesehen. Verschiedene Stufen im Vertrieb | vom Gro\u00df-, Retail und Online-Handel | erm\u00f6glichen mir zudem eine ganzheitliche Betrachtung. In meiner aktuellen T\u00e4tigkeit im Sanit\u00e4rbereich hat sich gezeigt, dass sich eine internationale Vernetzung [&hellip;]<\/p>\n","protected":false},"author":1,"featured_media":0,"parent":0,"menu_order":0,"comment_status":"closed","ping_status":"closed","template":"","meta":{"_exactmetrics_skip_tracking":false,"_exactmetrics_sitenote_active":false,"_exactmetrics_sitenote_note":"","_exactmetrics_sitenote_category":0,"footnotes":""},"class_list":["post-2","page","type-page","status-publish","hentry"],"_links":{"self":[{"href":"https:\/\/www.rotterundrotter.at\/index.php?rest_route=\/wp\/v2\/pages\/2","targetHints":{"allow":["GET"]}}],"collection":[{"href":"https:\/\/www.rotterundrotter.at\/index.php?rest_route=\/wp\/v2\/pages"}],"about":[{"href":"https:\/\/www.rotterundrotter.at\/index.php?rest_route=\/wp\/v2\/types\/page"}],"author":[{"embeddable":true,"href":"https:\/\/www.rotterundrotter.at\/index.php?rest_route=\/wp\/v2\/users\/1"}],"replies":[{"embeddable":true,"href":"https:\/\/www.rotterundrotter.at\/index.php?rest_route=%2Fwp%2Fv2%2Fcomments&post=2"}],"version-history":[{"count":1,"href":"https:\/\/www.rotterundrotter.at\/index.php?rest_route=\/wp\/v2\/pages\/2\/revisions"}],"predecessor-version":[{"id":203,"href":"https:\/\/www.rotterundrotter.at\/index.php?rest_route=\/wp\/v2\/pages\/2\/revisions\/203"}],"wp:attachment":[{"href":"https:\/\/www.rotterundrotter.at\/index.php?rest_route=%2Fwp%2Fv2%2Fmedia&parent=2"}],"curies":[{"name":"wp","href":"https:\/\/api.w.org\/{rel}","templated":true}]}}